{"id":166,"date":"2020-03-02T00:40:08","date_gmt":"2020-03-02T00:40:08","guid":{"rendered":"http:\/\/janjekal.de\/?page_id=166"},"modified":"2020-06-08T13:03:06","modified_gmt":"2020-06-08T13:03:06","slug":"literatur","status":"publish","type":"page","link":"https:\/\/janjekal.de\/?page_id=166","title":{"rendered":"Literatur"},"content":{"rendered":"<p><a href=\"https:\/\/taz.de\/Hoerbuch-ueber-Pynchon-Roman\/!5683047\/\"><span style=\"color: #ffff99;\">\u201eDen Krieg durch Wirrnis besiegen\u201c<\/span><\/a>\u00a0\u00dcber das SWR-H\u00f6rspiel von Thomas Pynchons \u201eDie Enden der Parabel\u201c. <em>taz, die tageszeitung<\/em>, 8. Mai 2020.<\/p>\n<p><span style=\"color: #ffff99;\"><a style=\"color: #ffff99;\" href=\"https:\/\/www.zeit.de\/2020\/12\/coming-of-age-geschichte-andreas-heidtmann-roman\">\u201eM\u00fcnsterl\u00e4nder Steppenwolf\u201c<\/a><\/span> \u00dcber \u201eWarum wir uns lange Zeit nicht k\u00fcssten &#8230;\u201c von Andreas Heidtmann. <em>DIE ZEIT,\u00a0 <\/em>12. M\u00e4rz 2020.<\/p>\n<p><span style=\"color: #ffff99;\"><a style=\"color: #ffff99;\" href=\"https:\/\/taz.de\/!5659889\/\" target=\"_blank\" rel=\"noopener noreferrer\">\u201e\u00dcberall Nazis oder nicht?\u201c<\/a> <\/span>\u00dcber Bov Bjerg in der Kulturbrauerei, Berlin.\u00a0<em>taz, die tageszeitung<\/em>, 13. Februar 2020.<\/p>\n<p><span style=\"color: #ffff99;\"><a style=\"color: #ffff99;\" href=\"https:\/\/taz.de\/Roman-zur-Start-up-Kultur\/!5614448\/\" target=\"_blank\" rel=\"noopener noreferrer\">\u201eBeta und die Tinder-Dates\u201c<\/a> <\/span>\u00dcber \u201ePixelt\u00e4nzer\u201c von Berit Glanz. <em>taz, die tageszeitung<\/em>, 12. August 2019.<\/p>\n<p><span style=\"color: #ffff99;\"><a style=\"color: #ffff99;\" href=\"https:\/\/taz.de\/!5603397\/\" target=\"_blank\" rel=\"noopener noreferrer\">\u201eSelbstgespr\u00e4ch \u00fcber die Sch\u00f6nheit der Ver\u00e4nderung\u201c<\/a> <\/span>\u00dcber \u00c9douard Louis an der Humboldt-Universit\u00e4t, Berlin. <em>taz, die tageszeitung<\/em>, 29. Juni 2019.<\/p>\n<p><span style=\"color: #ffff99;\"><a style=\"color: #ffff99;\" href=\"https:\/\/taz.de\/!5604465\/\" target=\"_blank\" rel=\"noopener noreferrer\">\u201eAuch die Blumen helfen nicht mehr weiter\u201c<\/a> <\/span>\u00dcber \u201eDie Entflohene\u201c von Violaine Huisman. <em>taz, die tageszeitung<\/em>, 21. Juni 2019.<\/p>\n<p><span style=\"color: #ffff99;\"><a style=\"color: #ffff99;\" href=\"https:\/\/taz.de\/Der-Fetzen-von-Philippe-Lancon\/!5575584\/\" target=\"_blank\" rel=\"noopener noreferrer\">\u201eDas Gesicht eines \u00dcberlebenden\u201c<\/a> <\/span>Interview mit Philippe Lan\u00e7on \u00fcber \u201eDer Fetzen\u201c. <em>taz, die tageszeitung<\/em>, 20. M\u00e4rz 2019.<\/p>\n<p><span style=\"color: #ffff99;\"><a style=\"color: #ffff99;\" href=\"https:\/\/taz.de\/Erzaehlband-Der-Trost-runder-Dinge\/!5577384\/\" target=\"_blank\" rel=\"noopener noreferrer\">\u201eDas Unbehagen lindern\u201c<\/a> <\/span>\u00dcber \u201eDer Trost runder Dinge\u201c von Clemens J. Setz. <em>taz, die tageszeitung<\/em>, 5. M\u00e4rz 2019.<\/p>\n<p><a href=\"https:\/\/taz.de\/Lesung-von-Takis-Wuerger-in-Berlin\/!5572730\/\" target=\"_blank\" rel=\"noopener noreferrer\"><span style=\"color: #ffff99;\">\u201eEntspannt mit R\u00fcckhalt\u201c<\/span><\/a> \u00dcber Takis W\u00fcrger im Pfefferberg Theater, Berlin. <em>taz, die tageszeitung<\/em>, 12. Februar 2019.<\/p>\n<p><a href=\"https:\/\/www.sueddeutsche.de\/kultur\/delphine-de-vigan-loyalitaeten-buchkritik-1.4259506?reduced=true\"><span style=\"color: #ffff99;\">\u201eSuff mit Pfefferminz\u201c<\/span><\/a> \u00dcber \u201eLoyalit\u00e4ten\u201c von Delphine de Vigan. <em>S\u00fcddeutsche Zeitung<\/em>, 19. Dezember 2018.<\/p>\n","protected":false},"excerpt":{"rendered":"<p>\u201eDen Krieg durch Wirrnis besiegen\u201c\u00a0\u00dcber das SWR-H\u00f6rspiel von Thomas Pynchons \u201eDie Enden der Parabel\u201c. taz, die tageszeitung, 8. Mai 2020. \u201eM\u00fcnsterl\u00e4nder Steppenwolf\u201c \u00dcber \u201eWarum wir uns lange Zeit nicht k\u00fcssten &#8230;\u201c von Andreas Heidtmann. DIE ZEIT,\u00a0 12. M\u00e4rz 2020. \u201e\u00dcberall Nazis oder nicht?\u201c \u00dcber Bov Bjerg in der Kulturbrauerei, Berlin.\u00a0taz, die tageszeitung, 13. Februar 2020. &hellip; <\/p>\n<p class=\"link-more\"><a href=\"https:\/\/janjekal.de\/?page_id=166\" class=\"more-link\"><span class=\"screen-reader-text\">\u201eLiteratur\u201c <\/span>weiterlesen<\/a><\/p>\n","protected":false},"author":1,"featured_media":0,"parent":0,"menu_order":3,"comment_status":"closed","ping_status":"closed","template":"","meta":{"footnotes":""},"class_list":["post-166","page","type-page","status-publish","hentry"],"_links":{"self":[{"href":"https:\/\/janjekal.de\/index.php?rest_route=\/wp\/v2\/pages\/166","targetHints":{"allow":["GET"]}}],"collection":[{"href":"https:\/\/janjekal.de\/index.php?rest_route=\/wp\/v2\/pages"}],"about":[{"href":"https:\/\/janjekal.de\/index.php?rest_route=\/wp\/v2\/types\/page"}],"author":[{"embeddable":true,"href":"https:\/\/janjekal.de\/index.php?rest_route=\/wp\/v2\/users\/1"}],"replies":[{"embeddable":true,"href":"https:\/\/janjekal.de\/index.php?rest_route=%2Fwp%2Fv2%2Fcomments&post=166"}],"version-history":[{"count":12,"href":"https:\/\/janjekal.de\/index.php?rest_route=\/wp\/v2\/pages\/166\/revisions"}],"predecessor-version":[{"id":182,"href":"https:\/\/janjekal.de\/index.php?rest_route=\/wp\/v2\/pages\/166\/revisions\/182"}],"wp:attachment":[{"href":"https:\/\/janjekal.de\/index.php?rest_route=%2Fwp%2Fv2%2Fmedia&parent=166"}],"curies":[{"name":"wp","href":"https:\/\/api.w.org\/{rel}","templated":true}]}}